{"id":74,"date":"2021-06-26T17:26:02","date_gmt":"2021-06-26T17:26:02","guid":{"rendered":"https:\/\/cortes4congress.org\/home-espanol\/"},"modified":"2022-05-20T02:13:50","modified_gmt":"2022-05-20T02:13:50","slug":"home-espanol","status":"publish","type":"page","link":"https:\/\/cortes4congress.org\/es\/home-espanol\/","title":{"rendered":"Hogar"},"content":{"rendered":"<div class=\"wp-block-columns is-layout-flex wp-container-core-columns-is-layout-9d6595d7 wp-block-columns-is-layout-flex\">\n<div class=\"wp-block-column section is-layout-flow wp-block-column-is-layout-flow\">\n<div class=\"wp-block-group\"><div class=\"wp-block-group__inner-container is-layout-flow wp-block-group-is-layout-flow\">\n<figure class=\"wp-block-image size-full\"><img data-recalc-dims=\"1\" loading=\"lazy\" decoding=\"async\" width=\"1025\" height=\"176\" src=\"https:\/\/i0.wp.com\/cortes4congress.org\/wp-content\/uploads\/2021\/08\/1.png?resize=1025%2C176&#038;ssl=1\" alt=\"\" class=\"wp-image-309\" srcset=\"https:\/\/i0.wp.com\/cortes4congress.org\/wp-content\/uploads\/2021\/08\/1.png?w=1025&amp;ssl=1 1025w, https:\/\/i0.wp.com\/cortes4congress.org\/wp-content\/uploads\/2021\/08\/1.png?resize=300%2C52&amp;ssl=1 300w, https:\/\/i0.wp.com\/cortes4congress.org\/wp-content\/uploads\/2021\/08\/1.png?resize=768%2C132&amp;ssl=1 768w\" sizes=\"auto, (max-width: 1025px) 100vw, 1025px\" \/><\/figure>\n<\/div><\/div>\n\n\n\n<h3 class=\"has-text-align-center wp-block-heading\"><strong>Conozca a Jos\u00e9<\/strong><\/h3>\n\n\n\n<p class=\"has-text-align-center\">Jos\u00e9 Cort\u00e9s se postula para el 51 \u00b0 Distrito del Congreso en 2022 bajo una plataforma socialista progresista basada en satisfacer las necesidades de la gente.<\/p>\n\n\n\n<div class=\"wp-block-buttons is-horizontal is-content-justification-center is-layout-flex wp-container-core-buttons-is-layout-499968f5 wp-block-buttons-is-layout-flex\">\n<div class=\"wp-block-button\"><a class=\"wp-block-button__link\" href=\"https:\/\/cortes4congress.org\/es\/meet-jose\/\">Lee Mas<\/a><\/div>\n<\/div>\n<\/div>\n\n\n\n<div class=\"wp-block-column section is-layout-flow wp-block-column-is-layout-flow\">\n<figure class=\"wp-block-image size-large\"><a href=\"\/es\/asuntos\/\"><img data-recalc-dims=\"1\" loading=\"lazy\" decoding=\"async\" width=\"1025\" height=\"176\" src=\"https:\/\/i0.wp.com\/cortes4congress.org\/wp-content\/uploads\/2021\/07\/2-1.png?resize=1025%2C176&#038;ssl=1\" alt=\"Asuntos\" class=\"wp-image-179\" srcset=\"https:\/\/i0.wp.com\/cortes4congress.org\/wp-content\/uploads\/2021\/07\/2-1.png?w=1025&amp;ssl=1 1025w, https:\/\/i0.wp.com\/cortes4congress.org\/wp-content\/uploads\/2021\/07\/2-1.png?resize=300%2C52&amp;ssl=1 300w, https:\/\/i0.wp.com\/cortes4congress.org\/wp-content\/uploads\/2021\/07\/2-1.png?resize=768%2C132&amp;ssl=1 768w\" sizes=\"auto, (max-width: 1025px) 100vw, 1025px\" \/><\/a><\/figure>\n\n\n\n<h3 class=\"has-text-align-center wp-block-heading\"><strong>Asuntos<\/strong><\/h3>\n\n\n\n<p class=\"has-text-align-center\">\u00a1Dinero para vivienda y atenci\u00f3n m\u00e9dica, no para la guerra!<\/p>\n<\/div>\n\n\n\n<div class=\"wp-block-column section is-layout-flow wp-block-column-is-layout-flow\">\n<figure class=\"wp-block-image size-large\"><a href=\"\/es\/involucrarse\/\"><img data-recalc-dims=\"1\" loading=\"lazy\" decoding=\"async\" width=\"1025\" height=\"176\" src=\"https:\/\/i0.wp.com\/cortes4congress.org\/wp-content\/uploads\/2021\/07\/3-1.png?resize=1025%2C176&#038;ssl=1\" alt=\"Involucrarse\" class=\"wp-image-180\" srcset=\"https:\/\/i0.wp.com\/cortes4congress.org\/wp-content\/uploads\/2021\/07\/3-1.png?w=1025&amp;ssl=1 1025w, https:\/\/i0.wp.com\/cortes4congress.org\/wp-content\/uploads\/2021\/07\/3-1.png?resize=300%2C52&amp;ssl=1 300w, https:\/\/i0.wp.com\/cortes4congress.org\/wp-content\/uploads\/2021\/07\/3-1.png?resize=768%2C132&amp;ssl=1 768w\" sizes=\"auto, (max-width: 1025px) 100vw, 1025px\" \/><\/a><\/figure>\n\n\n\n<h3 class=\"has-text-align-center wp-block-heading\"><strong>Involucrarse<\/strong><\/h3>\n\n\n\n<p class=\"has-text-align-center\">\u201cLa \u00fanica forma en que vamos a llamar la atenci\u00f3n sobre nuestra campa\u00f1a no es a trav\u00e9s de los caminos burgueses tradicionales para los candidatos dem\u00f3cratas o republicanos. Lo \u00fanico que nos dar\u00e1 nuestra ventaja es el tipo de movilizaci\u00f3n que podemos hacer en nuestras comunidades donde hemos estado construyendo poder a lo largo de los a\u00f1os.\u201d<\/p>\n<\/div>\n<\/div>\n\n\n\n<div class=\"wp-block-columns is-layout-flex wp-container-core-columns-is-layout-9d6595d7 wp-block-columns-is-layout-flex\">\n<div class=\"wp-block-column is-layout-flow wp-block-column-is-layout-flow\" style=\"flex-basis:22.22%\">\t\t<div class=\"ife_archive row_grid\" data-paged=\"1\" data-shortcode='{\"col\":1,\"posts_per_page\":5,\"past_events\":false,\"start_date\":\"\",\"end_date\":\"\",\"order\":\"ASC\",\"orderby\":\"event_start_date\",\"layout\":\"\",\"TrpContentRestriction\":{\"restriction_type\":\"exclude\",\"selected_languages\":[],\"panel_open\":true}}'>\n\t\t\tNo Events are found.\t\t<\/div>\n\t\t<style type=\"text\/css\">\n\t\t\t.ife_event .event_date{\n\t\t\t\tbackground-color: #f02800;\n\t\t\t}\n\t\t\t.ife_event .event_desc .event_title{\n\t\t\t\tcolor: #f02800;\n\t\t\t}\n\t\t<\/style>\n\t\t<\/div>\n\n\n\n<div class=\"wp-block-column is-layout-flow wp-block-column-is-layout-flow\" style=\"flex-basis:44.45%\"><div class=\"wp-block-aiovg-videos\">\r\n<div id=\"aiovg-69e9b98a08cda1\" class=\"aiovg aiovg-videos aiovg-videos-template-classic\">\r\n        \r\n    <!-- Videos -->\r\n    <div class=\"aiovg-section-videos aiovg-grid aiovg-row\">   \r\n                    \r\n            <div class=\"aiovg-item-video aiovg-item-video-208 aiovg-col aiovg-col-1\" data-id=\"208\">\r\n                \n<div class=\"aiovg-thumbnail aiovg-thumbnail-style-image-top\">\n    <a href=\"https:\/\/cortes4congress.org\/es\/aiovg_videos\/jose-cortes-for-congress-2020-on-immigration\/\" class=\"aiovg-responsive-container\" style=\"padding-bottom: 56.25%;\"><img data-recalc-dims=\"1\" decoding=\"async\" src=\"https:\/\/i0.wp.com\/img.youtube.com\/vi\/5ZGjzsFIz1Y\/mqdefault.jpg?w=1170&#038;ssl=1\" alt=\"Jose Cortes for Congress 2020: On Immigration\" class=\"aiovg-responsive-element\"\/><div class=\"aiovg-duration\">1:59<\/div><svg xmlns=\"http:\/\/www.w3.org\/2000\/svg\" fill=\"white\" width=\"40\" height=\"40\" viewbox=\"0 0 24 24\" class=\"aiovg-svg-icon-play aiovg-flex-shrink-0\">\n            <path fill-rule=\"evenodd\" d=\"M2.25 12c0-5.385 4.365-9.75 9.75-9.75s9.75 4.365 9.75 9.75-4.365 9.75-9.75 9.75S2.25 17.385 2.25 12Zm14.024-.983a1.125 1.125 0 0 1 0 1.966l-5.603 3.113A1.125 1.125 0 0 1 9 15.113V8.887c0-.857.921-1.4 1.671-.983l5.603 3.113Z\" clip-rule=\"evenodd\" \/>\n        <\/svg><\/a> \n    <div class=\"aiovg-caption\">\n                    <div class=\"aiovg-title\">\n                <a href=\"https:\/\/cortes4congress.org\/es\/aiovg_videos\/jose-cortes-for-congress-2020-on-immigration\/\" class=\"aiovg-link-title\">Jose Cortes for Congress 2020: On Immigration<\/a>            <\/div>\n        \n        \n               \n        \n        \n               \n\n         \n        \n            <\/div>    \n<\/div>            \r\n            <\/div>                \r\n                        \r\n            <div class=\"aiovg-item-video aiovg-item-video-207 aiovg-col aiovg-col-1\" data-id=\"207\">\r\n                \n<div class=\"aiovg-thumbnail aiovg-thumbnail-style-image-top\">\n    <a href=\"https:\/\/cortes4congress.org\/es\/aiovg_videos\/jose-cortes-for-congress-2020-on-climate-change\/\" class=\"aiovg-responsive-container\" style=\"padding-bottom: 56.25%;\"><img data-recalc-dims=\"1\" decoding=\"async\" src=\"https:\/\/i0.wp.com\/img.youtube.com\/vi\/NhSL1TNDjRA\/mqdefault.jpg?w=1170&#038;ssl=1\" alt=\"Jose Cortes for Congress 2020: On Climate Change\" class=\"aiovg-responsive-element\"\/><div class=\"aiovg-duration\">1:30<\/div><svg xmlns=\"http:\/\/www.w3.org\/2000\/svg\" fill=\"white\" width=\"40\" height=\"40\" viewbox=\"0 0 24 24\" class=\"aiovg-svg-icon-play aiovg-flex-shrink-0\">\n            <path fill-rule=\"evenodd\" d=\"M2.25 12c0-5.385 4.365-9.75 9.75-9.75s9.75 4.365 9.75 9.75-4.365 9.75-9.75 9.75S2.25 17.385 2.25 12Zm14.024-.983a1.125 1.125 0 0 1 0 1.966l-5.603 3.113A1.125 1.125 0 0 1 9 15.113V8.887c0-.857.921-1.4 1.671-.983l5.603 3.113Z\" clip-rule=\"evenodd\" \/>\n        <\/svg><\/a> \n    <div class=\"aiovg-caption\">\n                    <div class=\"aiovg-title\">\n                <a href=\"https:\/\/cortes4congress.org\/es\/aiovg_videos\/jose-cortes-for-congress-2020-on-climate-change\/\" class=\"aiovg-link-title\">Jose Cortes for Congress 2020: On Climate Change<\/a>            <\/div>\n        \n        \n               \n        \n        \n               \n\n         \n        \n            <\/div>    \n<\/div>            \r\n            <\/div>                \r\n                        \r\n            <div class=\"aiovg-item-video aiovg-item-video-206 aiovg-col aiovg-col-1\" data-id=\"206\">\r\n                \n<div class=\"aiovg-thumbnail aiovg-thumbnail-style-image-top\">\n    <a href=\"https:\/\/cortes4congress.org\/es\/aiovg_videos\/jose-cortes-speech-at-national-day-of-action-u-s-out-of-iraq-no-war-on-iran-1-4-2020\/\" class=\"aiovg-responsive-container\" style=\"padding-bottom: 56.25%;\"><img data-recalc-dims=\"1\" decoding=\"async\" src=\"https:\/\/i0.wp.com\/img.youtube.com\/vi\/_2eaFvhZ-ic\/mqdefault.jpg?w=1170&#038;ssl=1\" alt=\"Jos\u00e9 Cort\u00e9s speech at National day of Action: U.S. out of Iraq! No war on Iran! (1-4-2020)\" class=\"aiovg-responsive-element\"\/><div class=\"aiovg-duration\">5:17<\/div><svg xmlns=\"http:\/\/www.w3.org\/2000\/svg\" fill=\"white\" width=\"40\" height=\"40\" viewbox=\"0 0 24 24\" class=\"aiovg-svg-icon-play aiovg-flex-shrink-0\">\n            <path fill-rule=\"evenodd\" d=\"M2.25 12c0-5.385 4.365-9.75 9.75-9.75s9.75 4.365 9.75 9.75-4.365 9.75-9.75 9.75S2.25 17.385 2.25 12Zm14.024-.983a1.125 1.125 0 0 1 0 1.966l-5.603 3.113A1.125 1.125 0 0 1 9 15.113V8.887c0-.857.921-1.4 1.671-.983l5.603 3.113Z\" clip-rule=\"evenodd\" \/>\n        <\/svg><\/a> \n    <div class=\"aiovg-caption\">\n                    <div class=\"aiovg-title\">\n                <a href=\"https:\/\/cortes4congress.org\/es\/aiovg_videos\/jose-cortes-speech-at-national-day-of-action-u-s-out-of-iraq-no-war-on-iran-1-4-2020\/\" class=\"aiovg-link-title\">Jos\u00e9 Cort\u00e9s speech at National day of Action: U.S. out of Iraq! No war on Iran! (1-4-2020)<\/a>            <\/div>\n        \n        \n               \n        \n        \n               \n\n         \n        \n            <\/div>    \n<\/div>            \r\n            <\/div>                \r\n                <\/div>\r\n    \r\n    <aiovg-pagination class=\"aiovg-pagination aiovg-text-center\"><div class=\"aiovg-pagination-links\"><span aria-current=\"page\" class=\"page-numbers current\">1<\/span><a class=\"page-numbers\" href=\"https:\/\/cortes4congress.org\/es\/wp-json\/wp\/v2\/pages\/74\/page\/2\">2<\/a><a class=\"next page-numbers\" href=\"https:\/\/cortes4congress.org\/es\/wp-json\/wp\/v2\/pages\/74\/page\/2\">&raquo;<\/a><\/div><div class=\"aiovg-pagination-info aiovg-text-muted aiovg-text-small\">Page 1 of 2<\/div><\/aiovg-pagination><\/div><\/div><\/div>\n\n\n\n<div class=\"wp-block-column is-layout-flow wp-block-column-is-layout-flow\" style=\"flex-basis:33.33%\">\n<!-- Custom Twitter Feeds by Smash Balloon -->\n<div id=\"ctf\" class=\"ctf ctf-type-usertimeline ctf-rebranded ctf-feed-1  ctf-styles ctf-list ctf-regular-style\"   data-ctfshortcode=\"{&quot;feed&quot;:1}\"   data-ctfdisablelinks=\"false\" data-ctflinktextcolor=\"#\" data-header-size=\"small\" data-feedid=\"1\" data-postid=\"74\"  data-feed=\"1\" data-ctfintents=\"1\"  data-ctfneeded=\"4\">\n            <div id=\"ctf\" class=\"ctf\">\n            <div class=\"ctf-error\">\n                <div class=\"ctf-error-user\">\n\t\t\t\t\tTwitter feed is not available at the moment.                <\/div>\n            <\/div>\n        <\/div>\n\t\t    <div class=\"ctf-tweets\">\n   \t\t    <\/div>\n    \n<\/div>\n\n<\/div>\n<\/div>","protected":false},"excerpt":{"rendered":"<p>Conozca a Jos\u00e9 Jos\u00e9 Cort\u00e9s se postula para el 51 \u00b0 Distrito del Congreso en 2022 bajo una plataforma socialista progresista basada en satisfacer las necesidades de la gente. Asuntos<\/p>\n<p><a href=\"https:\/\/cortes4congress.org\/es\/home-espanol\/\" class=\"more-link themebutton\">Read More<\/a><\/p>","protected":false},"author":1,"featured_media":0,"parent":0,"menu_order":0,"comment_status":"closed","ping_status":"closed","template":"","meta":{"give_campaign_id":0,"nf_dc_page":"","WB4WB4WP_MODE":"","WB4WP_PAGE_SCRIPTS":"","WB4WP_PAGE_STYLES":"","WB4WP_PAGE_FONTS":"","WB4WP_PAGE_HEADER":"","WB4WP_PAGE_FOOTER":"","_EventAllDay":false,"_EventTimezone":"","_EventStartDate":"","_EventEndDate":"","_EventStartDateUTC":"","_EventEndDateUTC":"","_EventShowMap":false,"_EventShowMapLink":false,"_EventURL":"","_EventCost":"","_EventCostDescription":"","_EventCurrencySymbol":"","_EventCurrencyCode":"","_EventCurrencyPosition":"","_EventDateTimeSeparator":"","_EventTimeRangeSeparator":"","_EventOrganizerID":[],"_EventVenueID":[],"_OrganizerEmail":"","_OrganizerPhone":"","_OrganizerWebsite":"","_VenueAddress":"","_VenueCity":"","_VenueCountry":"","_VenueProvince":"","_VenueState":"","_VenueZip":"","_VenuePhone":"","_VenueURL":"","_VenueStateProvince":"","_VenueLat":"","_VenueLng":"","_VenueShowMap":false,"_VenueShowMapLink":false,"footnotes":""},"class_list":["post-74","page","type-page","status-publish","hentry"],"campaignId":"","jetpack_sharing_enabled":true,"_links":{"self":[{"href":"https:\/\/cortes4congress.org\/es\/wp-json\/wp\/v2\/pages\/74","targetHints":{"allow":["GET"]}}],"collection":[{"href":"https:\/\/cortes4congress.org\/es\/wp-json\/wp\/v2\/pages"}],"about":[{"href":"https:\/\/cortes4congress.org\/es\/wp-json\/wp\/v2\/types\/page"}],"author":[{"embeddable":true,"href":"https:\/\/cortes4congress.org\/es\/wp-json\/wp\/v2\/users\/1"}],"replies":[{"embeddable":true,"href":"https:\/\/cortes4congress.org\/es\/wp-json\/wp\/v2\/comments?post=74"}],"version-history":[{"count":4,"href":"https:\/\/cortes4congress.org\/es\/wp-json\/wp\/v2\/pages\/74\/revisions"}],"predecessor-version":[{"id":566,"href":"https:\/\/cortes4congress.org\/es\/wp-json\/wp\/v2\/pages\/74\/revisions\/566"}],"wp:attachment":[{"href":"https:\/\/cortes4congress.org\/es\/wp-json\/wp\/v2\/media?parent=74"}],"curies":[{"name":"wp","href":"https:\/\/api.w.org\/{rel}","templated":true}]}}