{"id":160,"date":"2021-07-16T13:45:28","date_gmt":"2021-07-16T13:45:28","guid":{"rendered":"https:\/\/cortes4congress.org\/?page_id=160"},"modified":"2022-05-19T17:09:49","modified_gmt":"2022-05-19T17:09:49","slug":"conoce-a-jose","status":"publish","type":"page","link":"https:\/\/cortes4congress.org\/es\/conoce-a-jose\/","title":{"rendered":"Conozca a Jos\u00e9"},"content":{"rendered":"\n<p>Jos\u00e9 Cort\u00e9s es un socialista orgulloso que creci\u00f3 en el este del condado de San Diego. Se identifica como chicano o latino.<\/p>\n\n\n\n<p><strong>Origen Familiar<\/strong><\/p>\n\n\n\n<div class=\"wp-block-columns is-layout-flex wp-container-core-columns-is-layout-9d6595d7 wp-block-columns-is-layout-flex\">\n<div class=\"wp-block-column is-layout-flow wp-block-column-is-layout-flow\" style=\"flex-basis:66.66%\">\n<p>Cort\u00e9s es muy cercano a sus padres y familiares, la mayor\u00eda de los cuales tambi\u00e9n viven en el condado de San Diego. Su padre es un inmigrante colombiano que se gradu\u00f3 de la preparatoria El Caj\u00f3n. Su madre ha sido maestra en el distrito escolar de Lakeside durante a\u00f1os y es italiana y mexicana. Su hermana tambi\u00e9n ense\u00f1a en el distrito escolar de Lakeside. \u201cMi mam\u00e1, en particular, realmente me inspir\u00f3 a ser la persona que soy hoy\u201d, dice Cort\u00e9s. \u201cCuando era ni\u00f1o, la recuerdo despert\u00e1ndose a las 4 am todos los d\u00edas para cuidar de m\u00ed y de mis hermanos, ense\u00f1ando un d\u00eda completo de clases y luego ofreciendo su tiempo como voluntaria para ense\u00f1ar programas de alfabetizaci\u00f3n inform\u00e1tica despu\u00e9s de la escuela para padres hispanohablantes. Ese ejemplo de compromiso con la comunidad, sacrificio y fortaleza es algo que admiro y trato de estar a la altura constantemente.\u201c<\/p>\n<\/div>\n\n\n\n<div class=\"wp-block-column is-layout-flow wp-block-column-is-layout-flow\" style=\"flex-basis:33.33%\">\n<figure class=\"wp-block-image size-full\"><img data-recalc-dims=\"1\" loading=\"lazy\" decoding=\"async\" width=\"512\" height=\"341\" src=\"https:\/\/i0.wp.com\/cortes4congress.org\/wp-content\/uploads\/2021\/08\/family.jpeg?resize=512%2C341&#038;ssl=1\" alt=\"\" class=\"wp-image-191\" srcset=\"https:\/\/i0.wp.com\/cortes4congress.org\/wp-content\/uploads\/2021\/08\/family.jpeg?w=512&amp;ssl=1 512w, https:\/\/i0.wp.com\/cortes4congress.org\/wp-content\/uploads\/2021\/08\/family.jpeg?resize=300%2C200&amp;ssl=1 300w, https:\/\/i0.wp.com\/cortes4congress.org\/wp-content\/uploads\/2021\/08\/family.jpeg?resize=380%2C254&amp;ssl=1 380w, https:\/\/i0.wp.com\/cortes4congress.org\/wp-content\/uploads\/2021\/08\/family.jpeg?resize=285%2C190&amp;ssl=1 285w\" sizes=\"auto, (max-width: 512px) 100vw, 512px\" \/><\/figure>\n<\/div>\n<\/div>\n\n\n\n<p><strong>Trabajo y Educaci\u00f3n<\/strong><\/p>\n\n\n\n<div class=\"wp-block-columns is-layout-flex wp-container-core-columns-is-layout-9d6595d7 wp-block-columns-is-layout-flex\">\n<div class=\"wp-block-column is-layout-flow wp-block-column-is-layout-flow\" style=\"flex-basis:33.33%\">\n<figure class=\"wp-block-image size-full\"><img data-recalc-dims=\"1\" loading=\"lazy\" decoding=\"async\" width=\"604\" height=\"453\" src=\"https:\/\/i0.wp.com\/cortes4congress.org\/wp-content\/uploads\/2021\/08\/Jose-1.jpeg?resize=604%2C453&#038;ssl=1\" alt=\"\" class=\"wp-image-193\" srcset=\"https:\/\/i0.wp.com\/cortes4congress.org\/wp-content\/uploads\/2021\/08\/Jose-1.jpeg?w=604&amp;ssl=1 604w, https:\/\/i0.wp.com\/cortes4congress.org\/wp-content\/uploads\/2021\/08\/Jose-1.jpeg?resize=300%2C225&amp;ssl=1 300w\" sizes=\"auto, (max-width: 604px) 100vw, 604px\" \/><\/figure>\n<\/div>\n\n\n\n<div class=\"wp-block-column is-layout-flow wp-block-column-is-layout-flow\" style=\"flex-basis:66.66%\">\n<p>Durante su tiempo de estudiar historia en la Universidad de Buffalo, Cort\u00e9s empez\u00f3 a pensar cr\u00edticamente de la pol\u00edtica exterior de los Estados Unidos. Se dio cuenta de los efectos destructivos y desestabilizadores del imperialismo en el extranjero, as\u00ed como de la historia violenta y genocida del colonialismo de colonos en este continente. Como miembro del equipo de f\u00fatbol, \u200b\u200bse hizo m\u00e1s consciente de la misoginia, la homofobia y la masculinidad t\u00f3xica que est\u00e1n profundamente arraigadas en nuestra cultura. De joven tambi\u00e9n trabaj\u00f3 en varios empleos manuales, incluso como guardia de seguridad y conserje nocturno, donde experiment\u00f3 de primera mano la alienaci\u00f3n y la explotaci\u00f3n del capitalismo. Estas importantes experiencias pol\u00edticas salieron a la superficie despu\u00e9s de un incidente particularmente brutal de terror policial en la vecindad de Jos\u00e9 en septiembre de 2016.<\/p>\n<\/div>\n<\/div>\n\n\n\n<p><strong>Organizado Pol\u00edticamente<\/strong><\/p>\n\n\n\n<div class=\"wp-block-columns is-layout-flex wp-container-core-columns-is-layout-9d6595d7 wp-block-columns-is-layout-flex\">\n<div class=\"wp-block-column is-layout-flow wp-block-column-is-layout-flow\" style=\"flex-basis:66.66%\">\n<p>\u201cRecuerdo haber o\u00eddo que el Departamento de Polic\u00eda de El Caj\u00f3n le hab\u00eda disparado a un refugiado ugand\u00e9s desarmado llamado Alfred Olango. Realmente me impact\u00f3 porque el asesinato ocurri\u00f3 en el estacionamiento de la oficina de mi dentista\u201d. En ese momento, Cort\u00e9s trabajaba como asistente para ni\u00f1os con necesidades especiales en una escuela y tambi\u00e9n supervisaba el programa de cuidado despu\u00e9s de la escuela. \u201cAcab\u00e1bamos de terminar de estudiar y aprender sobre el Dr. Martin Luther King Jr. y la era de los derechos civiles con los ni\u00f1os, entonces me sent\u00ed obligado a participar en las protestas.\u201d<\/p>\n\n\n\n<p>D\u00edas antes del incidente, el mejor amigo de ni\u00f1ez de Olango habr\u00eda fallecido. Estaba sufriendo de una crisis mental extrema. La hermana de Alfred Olango hab\u00eda llamado al 911, porque ocupaba atenci\u00f3n m\u00e9dica inmediatamente. La polic\u00eda respondi\u00f3 y dispar\u00f3 cinco veces en frente de su hermano segundos despu\u00e9s de llegar al lugar. La hermana de Olango gimi\u00f3 de dolor a la polic\u00eda: \u201cTe llame para pedir ayuda y mataste a mi hermano.\u201c<\/p>\n\n\n\n<p>Cuando la gente de la comunidad se reuni\u00f3 para protestar esta injusticia e insistir en la responsabilidad, fueron recibidos con una represi\u00f3n extrema. \u201cMucha gente fue maltratada por las autoridades, incluyendo gente de mayor de edad. Armas de guerra fueron usadas contra la gente de la comunidad para interrumpir las manifestaciones pac\u00edficas. Gas lacrim\u00f3geno, proyectiles, tanques: este es un resultado directo del Programa federal 1033. Me pusieron un lanzagranadas en la cara\u201d.<\/p>\n\n\n\n<p>\u201cLos organizadores [del Partido por el Socialismo y Liberaci\u00f3n] estaban presentes en el levantamiento de El Caj\u00f3n, y tomaron la iniciativa de acercarse a m\u00ed y presentarse- yo solamente estaba sentado en un estacionamiento. Cuando la polic\u00eda atacaba a los manifestantes pac\u00edficos, nos abr\u00edan sus casas y nos ofrec\u00edan protecci\u00f3n. En ese momento yo no sab\u00eda nada sobre socialismo, pero me explicaron pacientemente los conceptos marxistas de una manera muy accesible. Me encontr\u00e9 aline\u00e1ndome con su plataforma\u201d.<\/p>\n\n\n\n<p>Jos\u00e9 particip\u00f3 en una serie de protestas en los meses despu\u00e9s de la elecci\u00f3n de Donald Trump junto con el PSL. \u201cMe convenci\u00f3 su disciplina, compromiso, seriedad y la forma en que un peque\u00f1o pu\u00f1ado de organizadores revolucionarios profesionales pudieron superar su peso\u201d. Jos\u00e9 se uni\u00f3 al PSL y continu\u00f3 estudiando teor\u00eda pol\u00edtica y organizando campa\u00f1as y eventos constantemente.\u00a0<\/p>\n\n\n\n<p>Un brote mortal de hepatitis A ocurri\u00f3 en San Diego y El Caj\u00f3n en noviembre de 2017. En lugar de ofrecer ba\u00f1os p\u00fablicos y estaciones para lavarse las manos, el consejo de la ciudad de El Caj\u00f3n vot\u00f3 un\u00e1nimemente para prohibir compartir alimentos en lugares p\u00fablicos. Esta fue una medida cruel dise\u00f1ada para atacar espec\u00edficamente a las personas sin hogar que se refugian en los parques de la ciudad.<\/p>\n\n\n\n<p>Organizadores inmediatamente empezaron una serie de \u201cdespensas de comida\u201d p\u00fablicas para desobedecer la ordenanza, ofreciendo comidas calientes, ropa, productos de higiene y solidaridad a las personas m\u00e1s marginadas de la comunidad. El movimiento gan\u00f3 cobertura y atenci\u00f3n de los medios internacionales, lo que oblig\u00f3 a la ciudad a rescindir la orden y terminar la prohibici\u00f3n. Cort\u00e9s particip\u00f3 en este importante movimiento y continu\u00f3 manejando la despensa de comida para el pr\u00f3ximo a\u00f1o. Sigue luchando contra la criminalizaci\u00f3n de la falta de vivienda y por la vivienda garantizada para todos.<\/p>\n\n\n\n<p>Entre otras campa\u00f1as, Cort\u00e9s ha tenido una presencia constante en varios eventos de Chicano Park y Autodefensa en Barrio Logan. Tambi\u00e9n habl\u00f3 en una acci\u00f3n en Chicano Park recientemente que exigi\u00f3 la libertad de Leonard Peltier y en apoyo de la resistencia ind\u00edgena.<\/p>\n<\/div>\n\n\n\n<div class=\"wp-block-column is-layout-flow wp-block-column-is-layout-flow\" style=\"flex-basis:33.33%\">\n<figure class=\"wp-block-image size-large\"><img data-recalc-dims=\"1\" loading=\"lazy\" decoding=\"async\" width=\"1024\" height=\"768\" src=\"https:\/\/i0.wp.com\/cortes4congress.org\/wp-content\/uploads\/2021\/08\/alfredolango.jpeg?resize=1024%2C768&#038;ssl=1\" alt=\"\" class=\"wp-image-194\" srcset=\"https:\/\/i0.wp.com\/cortes4congress.org\/wp-content\/uploads\/2021\/08\/alfredolango.jpeg?resize=1024%2C768&amp;ssl=1 1024w, https:\/\/i0.wp.com\/cortes4congress.org\/wp-content\/uploads\/2021\/08\/alfredolango.jpeg?resize=300%2C225&amp;ssl=1 300w, https:\/\/i0.wp.com\/cortes4congress.org\/wp-content\/uploads\/2021\/08\/alfredolango.jpeg?resize=768%2C576&amp;ssl=1 768w, https:\/\/i0.wp.com\/cortes4congress.org\/wp-content\/uploads\/2021\/08\/alfredolango.jpeg?resize=1536%2C1152&amp;ssl=1 1536w, https:\/\/i0.wp.com\/cortes4congress.org\/wp-content\/uploads\/2021\/08\/alfredolango.jpeg?w=1600&amp;ssl=1 1600w\" sizes=\"auto, (max-width: 1024px) 100vw, 1024px\" \/><\/figure>\n\n\n\n<figure class=\"wp-block-image size-full\"><img data-recalc-dims=\"1\" loading=\"lazy\" decoding=\"async\" width=\"720\" height=\"960\" src=\"https:\/\/i0.wp.com\/cortes4congress.org\/wp-content\/uploads\/2021\/08\/Jose9.jpeg?resize=720%2C960&#038;ssl=1\" alt=\"\" class=\"wp-image-195\" srcset=\"https:\/\/i0.wp.com\/cortes4congress.org\/wp-content\/uploads\/2021\/08\/Jose9.jpeg?w=720&amp;ssl=1 720w, https:\/\/i0.wp.com\/cortes4congress.org\/wp-content\/uploads\/2021\/08\/Jose9.jpeg?resize=225%2C300&amp;ssl=1 225w\" sizes=\"auto, (max-width: 720px) 100vw, 720px\" \/><\/figure>\n<\/div>\n<\/div>\n\n\n\n<p><strong>Campa\u00f1as del Congreso<\/strong><\/p>\n\n\n\n<div class=\"wp-block-columns is-layout-flex wp-container-core-columns-is-layout-9d6595d7 wp-block-columns-is-layout-flex\">\n<div class=\"wp-block-column is-layout-flow wp-block-column-is-layout-flow\" style=\"flex-basis:33.33%\">\n<figure class=\"wp-block-image size-full\"><img data-recalc-dims=\"1\" loading=\"lazy\" decoding=\"async\" width=\"512\" height=\"288\" src=\"https:\/\/i0.wp.com\/cortes4congress.org\/wp-content\/uploads\/2021\/08\/march.jpeg?resize=512%2C288&#038;ssl=1\" alt=\"\" class=\"wp-image-196\" srcset=\"https:\/\/i0.wp.com\/cortes4congress.org\/wp-content\/uploads\/2021\/08\/march.jpeg?w=512&amp;ssl=1 512w, https:\/\/i0.wp.com\/cortes4congress.org\/wp-content\/uploads\/2021\/08\/march.jpeg?resize=300%2C169&amp;ssl=1 300w\" sizes=\"auto, (max-width: 512px) 100vw, 512px\" \/><\/figure>\n\n\n\n<figure class=\"wp-block-image size-full\"><img data-recalc-dims=\"1\" loading=\"lazy\" decoding=\"async\" width=\"512\" height=\"309\" src=\"https:\/\/i0.wp.com\/cortes4congress.org\/wp-content\/uploads\/2021\/08\/medicare.jpeg?resize=512%2C309&#038;ssl=1\" alt=\"\" class=\"wp-image-197\" srcset=\"https:\/\/i0.wp.com\/cortes4congress.org\/wp-content\/uploads\/2021\/08\/medicare.jpeg?w=512&amp;ssl=1 512w, https:\/\/i0.wp.com\/cortes4congress.org\/wp-content\/uploads\/2021\/08\/medicare.jpeg?resize=300%2C181&amp;ssl=1 300w\" sizes=\"auto, (max-width: 512px) 100vw, 512px\" \/><\/figure>\n<\/div>\n\n\n\n<div class=\"wp-block-column is-layout-flow wp-block-column-is-layout-flow\" style=\"flex-basis:66.66%\">\n<p>Actualmente, Cort\u00e9s trabaja en un centro de llamadas para beneficios de salud y pensi\u00f3n. En este papel, se enfrenta todos los d\u00edas a la violencia y la crueldad del sistema de atenci\u00f3n m\u00e9dica con fines de lucro: \u201cUn ni\u00f1o reci\u00e9n nacido al que se le niega la cobertura de atenci\u00f3n m\u00e9dica porque no cumpli\u00f3 con el plazo. Empleados en duelo por la p\u00e9rdida de un ser querido o un problema de salud devastador que tienen que luchar para cubrir los gastos m\u00e9dicos. Trabajadores que simplemente no pueden pagar el saldo pendiente que deben a la empresa para mantener sus beneficios de salud despu\u00e9s de tomarse un tiempo libre. Estas son las personas afortunadas que tienen acceso a la atenci\u00f3n m\u00e9dica a trav\u00e9s de su empleador, tres millones de californianos no tienen ning\u00fan tipo de seguro\u201d. Por esta raz\u00f3n, ha sido un firme defensor de una opci\u00f3n de atenci\u00f3n m\u00e9dica de pagador \u00fanico, ya sea a trav\u00e9s de CalCare o Medicare for All.<\/p>\n\n\n\n<p>Actualmente Cort\u00e9s trabaja 40 horas (normalmente m\u00e1s) por semana y organiza como voluntario con el Partido por el Socialismo y Liberaci\u00f3n. Durante su tiempo libre le gusta leer y pasar tiempo con familia y amigos.\u00a0<\/p>\n\n\n\n<p>Tambi\u00e9n se postul\u00f3 para el Congreso en 2020 y gan\u00f3 la atenci\u00f3n de los medios por aprovechar un escenario de debate en Valley Center despu\u00e9s de que se le negara la oportunidad de participar y presentar una alternativa anticapitalista a los votantes en un distrito hist\u00f3ricamente republicano.<\/p>\n\n\n\n<p>Al participar en el sistema electoral como organizador revolucionario, espera aumentar la conciencia sobre la plataforma del PSL y llegar a otros trabajadores y personas de mentalidad progresista para construir poder comunitario m\u00e1s all\u00e1 de la temporada electoral. \u201cEs un verdadero honor que mis compa\u00f1eros me encomienden nuevamente representar los intereses de la clase trabajadora y los oprimidos en la esfera electoral. \u00a1Esta campa\u00f1a no se trata solo de tratar de ganarnos un asiento en la mesa de los capitalistas, se trata de construir un poder real en nuestras comunidades que genere un cambio sist\u00e9mico duradero!<\/p>\n\n\n\n<p>Insta a cualquiera que se sienta inspirado por su campa\u00f1a a aplicar para unirse al PSL y involucrarse. \u201cHace apenas unos a\u00f1os me sent\u00eda desesperado y desilusionado con la pol\u00edtica, pero involucrarme con el PSL me ha demostrado que los trabajadores pueden tener un papel activo en la historia\u201d.<\/p>\n<\/div>\n<\/div>\n","protected":false},"excerpt":{"rendered":"<p>Jos\u00e9 Cort\u00e9s es un socialista orgulloso que creci\u00f3 en el este del condado de San Diego. Se identifica como chicano o latino. Origen Familiar Cort\u00e9s es muy cercano a sus<\/p>\n<p><a href=\"https:\/\/cortes4congress.org\/es\/conoce-a-jose\/\" class=\"more-link themebutton\">Read More<\/a><\/p>","protected":false},"author":1,"featured_media":0,"parent":0,"menu_order":0,"comment_status":"closed","ping_status":"closed","template":"","meta":{"give_campaign_id":0,"nf_dc_page":"","WB4WB4WP_MODE":"","WB4WP_PAGE_SCRIPTS":"","WB4WP_PAGE_STYLES":"","WB4WP_PAGE_FONTS":"","WB4WP_PAGE_HEADER":"","WB4WP_PAGE_FOOTER":"","_EventAllDay":false,"_EventTimezone":"","_EventStartDate":"","_EventEndDate":"","_EventStartDateUTC":"","_EventEndDateUTC":"","_EventShowMap":false,"_EventShowMapLink":false,"_EventURL":"","_EventCost":"","_EventCostDescription":"","_EventCurrencySymbol":"","_EventCurrencyCode":"","_EventCurrencyPosition":"","_EventDateTimeSeparator":"","_EventTimeRangeSeparator":"","_EventOrganizerID":[],"_EventVenueID":[],"_OrganizerEmail":"","_OrganizerPhone":"","_OrganizerWebsite":"","_VenueAddress":"","_VenueCity":"","_VenueCountry":"","_VenueProvince":"","_VenueState":"","_VenueZip":"","_VenuePhone":"","_VenueURL":"","_VenueStateProvince":"","_VenueLat":"","_VenueLng":"","_VenueShowMap":false,"_VenueShowMapLink":false,"footnotes":""},"class_list":["post-160","page","type-page","status-publish","hentry"],"campaignId":"","jetpack_sharing_enabled":true,"_links":{"self":[{"href":"https:\/\/cortes4congress.org\/es\/wp-json\/wp\/v2\/pages\/160","targetHints":{"allow":["GET"]}}],"collection":[{"href":"https:\/\/cortes4congress.org\/es\/wp-json\/wp\/v2\/pages"}],"about":[{"href":"https:\/\/cortes4congress.org\/es\/wp-json\/wp\/v2\/types\/page"}],"author":[{"embeddable":true,"href":"https:\/\/cortes4congress.org\/es\/wp-json\/wp\/v2\/users\/1"}],"replies":[{"embeddable":true,"href":"https:\/\/cortes4congress.org\/es\/wp-json\/wp\/v2\/comments?post=160"}],"version-history":[{"count":3,"href":"https:\/\/cortes4congress.org\/es\/wp-json\/wp\/v2\/pages\/160\/revisions"}],"predecessor-version":[{"id":558,"href":"https:\/\/cortes4congress.org\/es\/wp-json\/wp\/v2\/pages\/160\/revisions\/558"}],"wp:attachment":[{"href":"https:\/\/cortes4congress.org\/es\/wp-json\/wp\/v2\/media?parent=160"}],"curies":[{"name":"wp","href":"https:\/\/api.w.org\/{rel}","templated":true}]}}